{"id":28,"date":"2022-04-24T14:02:50","date_gmt":"2022-04-24T14:02:50","guid":{"rendered":"http:\/\/www.e-iznik.com\/contact\/"},"modified":"2022-04-24T15:29:35","modified_gmt":"2022-04-24T15:29:35","slug":"contact","status":"publish","type":"page","link":"https:\/\/www.e-iznik.com\/?page_id=28","title":{"rendered":"Bilgisayar Teknik"},"content":{"rendered":"\n<figure class=\"wp-block-image size-full\"><img loading=\"lazy\" decoding=\"async\" width=\"598\" height=\"279\" src=\"http:\/\/www.e-iznik.com\/wp-content\/uploads\/2022\/04\/5.gif\" alt=\"\" class=\"wp-image-105\"\/><\/figure>\n\n\n\n<p>\u0130znik Bilgisayar &#8211; Masa\u00fcst\u00fc &#8211; Laptop &#8211; Tablet servis Hizmetleri<\/p>\n\n\n\n<p>e-iznik.com, \u0130znik&#8217;in t\u00fcm noktalar\u0131na, kurumsal ve bireysel bazda hizmet veren bir bilgisayar firmas\u0131d\u0131r. e-iznik.com marka ba\u011f\u0131ms\u0131z t\u00fcm bilgisayar, laptop, notebook \u00fcr\u00fcnlerinin donan\u0131msal ve yaz\u0131l\u0131msal sorunlar\u0131n\u0131 \u00e7\u00f6z\u00fcmleyen ve hizmeti aya\u011f\u0131n\u0131za getiren kurumsal bir bilgisayar teknik servis firmas\u0131d\u0131r.<\/p>\n\n\n\n<p>Destek verdi\u011fimiz Asus, Dell, Acer, Lenovo, Toshiba, Hp, Samsung, MSI, Packard, Bell, Casper, Compaq, Exper, Fujitsu, Siemens, Benq, Crea, Lg, Nec, Datron, Aidata markalar\u0131n\u0131n yedek par\u00e7alar\u0131n\u0131 tedarik ediyoruz. Ayn\u0131 zamanda bu \u00fcr\u00fcnlere destek vererek yaz\u0131l\u0131msal sorunlar\u0131n\u0131 gideriyoruz.<\/p>\n\n\n\n<p>e-iznik.com, m\u00fc\u015fterilerine sahip oldu\u011fu tecr\u00fcbe ve bilgi birikimini kullanarak; Pc &amp; Notebook Tamir, G\u00fcvenlik (cctv) hizmetleri sunmakla kalmay\u0131p ayn\u0131 zamanda kurumsal \u015firketlerin datacenter kurulumlar\u0131 ile t\u00fcm terminal bilgisayarlar\u0131n kurulum ve yap\u0131land\u0131rmas\u0131n\u0131 yapmaktad\u0131r.<\/p>\n\n\n\n<h2 class=\"wp-block-heading\" id=\"h-neler-yap-yoruz\">Neler Yap\u0131yoruz?<\/h2>\n\n\n\n<p>Bilgisayar Teknik Servis kapsam\u0131nda yapt\u0131\u011f\u0131m\u0131z hizmet siz de\u011ferli m\u00fc\u015fterilerimizin it sorunlar\u0131 ile alakal\u0131 t\u00fcm sorunlar\u0131n\u0131 kapsam\u0131na almaktad\u0131r. T\u00fcm bilgisayar donan\u0131m ve yaz\u0131l\u0131m sorunlar\u0131n\u0131 gidererek, yedek par\u00e7a gereksinimi oldu\u011fu anlarda sizlere yedek par\u00e7a ileterek kald\u0131\u011f\u0131n\u0131z yerden devam etmenizi sa\u011flamaktad\u0131r.<\/p>\n\n\n\n<p>Sorununuz ne kadar b\u00fcy\u00fck ve problemli olursa olsun gece g\u00fcnd\u00fcz demeden biz sizin i\u015flerinizin aksamadan ilerlemesini sa\u011flamak i\u00e7in var\u0131z.<\/p>\n\n\n\n<p>Ayn\u0131 zamanda kurumsal \u015firketlere y\u00f6nelik sunmu\u015f oldu\u011fumuz bilgisayar bak\u0131m anla\u015fmas\u0131 hizmeti ile t\u00fcm \u015firketlerin IT &amp; BT sorunlar\u0131na \u00e7\u00f6z\u00fcm \u00fcreterek anl\u0131k olarak olu\u015fan sorunlara \u00e7\u00f6z\u00fcmler \u00fcretmekteyiz. Bilgisayar bak\u0131m anla\u015fmas\u0131 kapsam\u0131nda t\u00fcm sistemin koruma alt\u0131na al\u0131nmas\u0131n\u0131 sa\u011flamakla birlikte bilgi g\u00fcvenli\u011finizi de sa\u011flam\u0131\u015f olmaktas\u0131n\u0131z.<\/p>\n","protected":false},"excerpt":{"rendered":"<p>\u0130znik Bilgisayar &#8211; Masa\u00fcst\u00fc &#8211; Laptop &#8211; Tablet servis Hizmetleri e-iznik.com, \u0130znik&#8217;in t\u00fcm noktalar\u0131na, kurumsal ve bireysel bazda hizmet veren [&hellip;]<\/p>\n","protected":false},"author":1,"featured_media":0,"parent":0,"menu_order":3,"comment_status":"closed","ping_status":"closed","template":"","meta":{"footnotes":""},"class_list":["post-28","page","type-page","status-publish","hentry"],"_links":{"self":[{"href":"https:\/\/www.e-iznik.com\/index.php?rest_route=\/wp\/v2\/pages\/28"}],"collection":[{"href":"https:\/\/www.e-iznik.com\/index.php?rest_route=\/wp\/v2\/pages"}],"about":[{"href":"https:\/\/www.e-iznik.com\/index.php?rest_route=\/wp\/v2\/types\/page"}],"author":[{"embeddable":true,"href":"https:\/\/www.e-iznik.com\/index.php?rest_route=\/wp\/v2\/users\/1"}],"replies":[{"embeddable":true,"href":"https:\/\/www.e-iznik.com\/index.php?rest_route=%2Fwp%2Fv2%2Fcomments&post=28"}],"version-history":[{"count":3,"href":"https:\/\/www.e-iznik.com\/index.php?rest_route=\/wp\/v2\/pages\/28\/revisions"}],"predecessor-version":[{"id":107,"href":"https:\/\/www.e-iznik.com\/index.php?rest_route=\/wp\/v2\/pages\/28\/revisions\/107"}],"wp:attachment":[{"href":"https:\/\/www.e-iznik.com\/index.php?rest_route=%2Fwp%2Fv2%2Fmedia&parent=28"}],"curies":[{"name":"wp","href":"https:\/\/api.w.org\/{rel}","templated":true}]}}