{"id":27,"date":"2022-04-24T14:02:50","date_gmt":"2022-04-24T14:02:50","guid":{"rendered":"http:\/\/www.e-iznik.com\/home\/"},"modified":"2022-04-24T18:44:15","modified_gmt":"2022-04-24T18:44:15","slug":"home","status":"publish","type":"page","link":"https:\/\/www.e-iznik.com\/","title":{"rendered":"Anasayfa"},"content":{"rendered":"\n<p><\/p>\n\n\n\n<h2 class=\"wp-block-heading\">Teknik Servis Hizmetleri<\/h2>\n\n\n\n<div class=\"wp-block-group\"><div class=\"wp-block-group__inner-container is-layout-flow wp-block-group-is-layout-flow\">\n<\/div><\/div>\n\n\n\n<hr class=\"wp-block-separator\"\/>\n\n\n\n<h6 class=\"wp-block-heading\">Profesyonel Yap\u0131<\/h6>\n\n\n\n<p>\u0130nsan ve teknoloji odakl\u0131 kurum k\u00fclt\u00fcr\u00fcne sahip \u015firketimizin geli\u015ftirdi\u011fi hizmet modelleri ile \u00e7a\u011f\u0131 ve teknolojiyi yakalayan firmalara zenginlik kat\u0131yoruz.<\/p>\n\n\n\n<h6 class=\"wp-block-heading\">Yerinde Destek ve Kontrol<\/h6>\n\n\n\n<p>M\u00fc\u015fteri sorunlar\u0131n\u0131 te\u015fhis ve \u00e7\u00f6z\u00fcm i\u00e7in yerinde denetim ve kontrol hizmeti. H\u0131zl\u0131 ve yap\u0131c\u0131 m\u00fcdahale bi\u00e7imleri ile sorunlar\u0131 ortadan kald\u0131rma.<\/p>\n\n\n\n<h6 class=\"wp-block-heading\">Do\u011fru Te\u015fhis ve \u00c7\u00f6z\u00fcm<\/h6>\n\n\n\n<p>Engin tecr\u00fcbe ve bilgi birikimi sayesinde her t\u00fcrl\u00fc soruna kar\u015f\u0131&nbsp; h\u0131zl\u0131 \u00e7\u00f6z\u00fcm yakla\u015f\u0131m\u0131n\u0131 fayda maliyet unsurunu g\u00f6zeterek benimsiyoruz.<\/p>\n\n\n\n<h6 class=\"wp-block-heading\">Ba\u015far\u0131l\u0131 Sonu\u00e7lar<\/h6>\n\n\n\n<p>Nitelikli insan kayna\u011f\u0131na sahip olan kurumumuz taraf\u0131ndan sunulan t\u00fcm hizmet ve \u00e7\u00f6z\u00fcmlerde y\u00fcksek ba\u015far\u0131 ve memnuniyeti hedefliyoruz.<\/p>\n\n\n\n<p><\/p>\n","protected":false},"excerpt":{"rendered":"<p>Teknik Servis Hizmetleri Profesyonel Yap\u0131 \u0130nsan ve teknoloji odakl\u0131 kurum k\u00fclt\u00fcr\u00fcne sahip \u015firketimizin geli\u015ftirdi\u011fi hizmet modelleri ile \u00e7a\u011f\u0131 ve teknolojiyi [&hellip;]<\/p>\n","protected":false},"author":1,"featured_media":0,"parent":0,"menu_order":1,"comment_status":"closed","ping_status":"closed","template":"","meta":{"footnotes":""},"class_list":["post-27","page","type-page","status-publish","hentry"],"_links":{"self":[{"href":"https:\/\/www.e-iznik.com\/index.php?rest_route=\/wp\/v2\/pages\/27"}],"collection":[{"href":"https:\/\/www.e-iznik.com\/index.php?rest_route=\/wp\/v2\/pages"}],"about":[{"href":"https:\/\/www.e-iznik.com\/index.php?rest_route=\/wp\/v2\/types\/page"}],"author":[{"embeddable":true,"href":"https:\/\/www.e-iznik.com\/index.php?rest_route=\/wp\/v2\/users\/1"}],"replies":[{"embeddable":true,"href":"https:\/\/www.e-iznik.com\/index.php?rest_route=%2Fwp%2Fv2%2Fcomments&post=27"}],"version-history":[{"count":23,"href":"https:\/\/www.e-iznik.com\/index.php?rest_route=\/wp\/v2\/pages\/27\/revisions"}],"predecessor-version":[{"id":158,"href":"https:\/\/www.e-iznik.com\/index.php?rest_route=\/wp\/v2\/pages\/27\/revisions\/158"}],"wp:attachment":[{"href":"https:\/\/www.e-iznik.com\/index.php?rest_route=%2Fwp%2Fv2%2Fmedia&parent=27"}],"curies":[{"name":"wp","href":"https:\/\/api.w.org\/{rel}","templated":true}]}}