{"id":83,"date":"2022-04-24T14:59:33","date_gmt":"2022-04-24T14:59:33","guid":{"rendered":"http:\/\/www.e-iznik.com\/?page_id=83"},"modified":"2022-04-24T15:30:02","modified_gmt":"2022-04-24T15:30:02","slug":"uydu-sistemleri","status":"publish","type":"page","link":"http:\/\/www.e-iznik.com\/?page_id=83","title":{"rendered":"Uydu Sistemleri"},"content":{"rendered":"\n<figure class=\"wp-block-image size-full\"><img loading=\"lazy\" decoding=\"async\" width=\"598\" height=\"279\" src=\"http:\/\/www.e-iznik.com\/wp-content\/uploads\/2022\/04\/2.gif\" alt=\"\" class=\"wp-image-98\"\/><\/figure>\n\n\n\n<p>Servisimiz \u00f6zel servis hizmeti vermektedir ve \u00fccretlidir.<\/p>\n\n\n\n<p>Dilerseniz bizi aray\u0131n yada servis talep formu doldurun size ula\u015fal\u0131m. Ar\u0131za ve sorunlar\u0131n\u0131z\u0131 ev yada i\u015f yerinizde onar\u0131p sorunlar\u0131n\u0131z\u0131 \u00e7\u00f6zelim<\/p>\n\n\n\n<p>. Analog-Digital-Fiber uydu sistemlerinde profesyonel tecr\u00fcbeye sahibiz Teknik servis hizmetlerimizde kullan\u0131lan \u00fcr\u00fcn ve hizmetlerimiz garantilidir. <\/p>\n\n\n\n<p>Garanti dahilinde onar\u0131m yada benzeri i\u015flemler i\u00e7in l\u00fctfen cihaz\u0131n\u0131z\u0131n markas\u0131na ba\u011fl\u0131 yetkili servislerden destek isteyiniz. <\/p>\n\n\n\n<p>Teknik servis bak\u0131m ve hizmetlerimiz marka ba\u011f\u0131ms\u0131zd\u0131r ve her markaya \u00f6zel servis deste\u011fi vermekte olup \u00e7\u00f6zemedi\u011fimiz ar\u0131za sorun yoktur. <\/p>\n\n\n\n<p>Bireysel Sistem Kurulumu Merkezi Sistem Kurulumu Headend Sistem Kurulumu Kamera Sistem Kurulumu Multifeed Sistem Kurulumu TV Montaj\u0131 Kurulumu<\/p>\n","protected":false},"excerpt":{"rendered":"<p>Servisimiz \u00f6zel servis hizmeti vermektedir ve \u00fccretlidir. Dilerseniz bizi aray\u0131n yada servis talep formu doldurun size ula\u015fal\u0131m. Ar\u0131za ve sorunlar\u0131n\u0131z\u0131 [&hellip;]<\/p>\n","protected":false},"author":1,"featured_media":0,"parent":0,"menu_order":3,"comment_status":"closed","ping_status":"closed","template":"","meta":{"footnotes":""},"class_list":["post-83","page","type-page","status-publish","hentry"],"_links":{"self":[{"href":"http:\/\/www.e-iznik.com\/index.php?rest_route=\/wp\/v2\/pages\/83"}],"collection":[{"href":"http:\/\/www.e-iznik.com\/index.php?rest_route=\/wp\/v2\/pages"}],"about":[{"href":"http:\/\/www.e-iznik.com\/index.php?rest_route=\/wp\/v2\/types\/page"}],"author":[{"embeddable":true,"href":"http:\/\/www.e-iznik.com\/index.php?rest_route=\/wp\/v2\/users\/1"}],"replies":[{"embeddable":true,"href":"http:\/\/www.e-iznik.com\/index.php?rest_route=%2Fwp%2Fv2%2Fcomments&post=83"}],"version-history":[{"count":2,"href":"http:\/\/www.e-iznik.com\/index.php?rest_route=\/wp\/v2\/pages\/83\/revisions"}],"predecessor-version":[{"id":108,"href":"http:\/\/www.e-iznik.com\/index.php?rest_route=\/wp\/v2\/pages\/83\/revisions\/108"}],"wp:attachment":[{"href":"http:\/\/www.e-iznik.com\/index.php?rest_route=%2Fwp%2Fv2%2Fmedia&parent=83"}],"curies":[{"name":"wp","href":"https:\/\/api.w.org\/{rel}","templated":true}]}}